{"id":38,"date":"2019-01-20T18:41:36","date_gmt":"2019-01-20T18:41:36","guid":{"rendered":"https:\/\/lascasitas-elhierro.com\/?page_id=38"},"modified":"2019-02-23T15:54:39","modified_gmt":"2019-02-23T15:54:39","slug":"principal-2","status":"publish","type":"page","link":"https:\/\/www.lascasitas-elhierro.com\/?page_id=38","title":{"rendered":"CR Antonio Garc\u00eda"},"content":{"rendered":"\t\t<div data-elementor-type=\"wp-post\" data-elementor-id=\"38\" class=\"elementor elementor-38 elementor-bc-flex-widget\">\n\t\t\t\t\t\t<section class=\"elementor-section elementor-top-section elementor-element elementor-element-3f869ce elementor-section-boxed elementor-section-height-default elementor-section-height-default\" data-id=\"3f869ce\" data-element_type=\"section\" data-e-type=\"section\">\n\t\t\t\t\t\t<div class=\"elementor-container elementor-column-gap-default\">\n\t\t\t\t\t<div class=\"elementor-column elementor-col-100 elementor-top-column elementor-element elementor-element-81900b4\" data-id=\"81900b4\" data-element_type=\"column\" data-e-type=\"column\">\n\t\t\t<div class=\"elementor-widget-wrap elementor-element-populated\">\n\t\t\t\t\t\t<div class=\"elementor-element elementor-element-cbbdd8e elementor-drop-cap-yes elementor-drop-cap-view-default elementor-widget elementor-widget-text-editor\" data-id=\"cbbdd8e\" data-element_type=\"widget\" data-e-type=\"widget\" data-settings=\"{&quot;drop_cap&quot;:&quot;yes&quot;}\" data-widget_type=\"text-editor.default\">\n\t\t\t\t<div class=\"elementor-widget-container\">\n\t\t\t\t\t\t\t\t\t<p>La Casa rural Antonio Garc\u00eda, es muy c\u00f3moda y amplia, con cubierta de teja plana, tipo francesa, a dos aguas y azotea, todo en una sola planta. Est\u00e1 distribuida en dos habitaciones, un amplio sal\u00f3n &#8211; comedor &#8211; cocina, solana, porche, terraza con barbacoa, pasillos laterales amplios con jardiner\u00eda.<\/p><p>\u00a0<\/p><p>Las dos habitaciones disponibles son dobles, una con cama de matrimonio y la otra con dos camas sencillas, teniendo una capacidad total de 5 plazas alojativas (cuatro camas fijas y una convertible), dispone de f\u00e1cil accesibilidad desde la carretera general.<\/p><p>\u00a0<\/p>\t\t\t\t\t\t\t\t<\/div>\n\t\t\t\t<\/div>\n\t\t\t\t\t<\/div>\n\t\t<\/div>\n\t\t\t\t\t<\/div>\n\t\t<\/section>\n\t\t\t\t<section class=\"elementor-section elementor-top-section elementor-element elementor-element-9629b60 elementor-section-boxed elementor-section-height-default elementor-section-height-default\" data-id=\"9629b60\" data-element_type=\"section\" data-e-type=\"section\">\n\t\t\t\t\t\t<div class=\"elementor-container elementor-column-gap-default\">\n\t\t\t\t\t<div class=\"elementor-column elementor-col-100 elementor-top-column elementor-element elementor-element-e303bc0\" data-id=\"e303bc0\" data-element_type=\"column\" data-e-type=\"column\">\n\t\t\t<div class=\"elementor-widget-wrap elementor-element-populated\">\n\t\t\t\t\t\t<div class=\"elementor-element elementor-element-4d09e77 elementor-widget elementor-widget-heading\" data-id=\"4d09e77\" data-element_type=\"widget\" data-e-type=\"widget\" data-widget_type=\"heading.default\">\n\t\t\t\t<div class=\"elementor-widget-container\">\n\t\t\t\t\t<h2 class=\"elementor-heading-title elementor-size-default\">Equipamiento<\/h2>\t\t\t\t<\/div>\n\t\t\t\t<\/div>\n\t\t\t\t\t<\/div>\n\t\t<\/div>\n\t\t\t\t\t<\/div>\n\t\t<\/section>\n\t\t\t\t<section class=\"elementor-section elementor-top-section elementor-element elementor-element-0f6e2b4 elementor-section-boxed elementor-section-height-default elementor-section-height-default\" data-id=\"0f6e2b4\" data-element_type=\"section\" data-e-type=\"section\">\n\t\t\t\t\t\t<div class=\"elementor-container elementor-column-gap-default\">\n\t\t\t\t\t<div class=\"elementor-column elementor-col-100 elementor-top-column elementor-element elementor-element-c2dbcee\" data-id=\"c2dbcee\" data-element_type=\"column\" data-e-type=\"column\">\n\t\t\t<div class=\"elementor-widget-wrap elementor-element-populated\">\n\t\t\t\t\t\t<div class=\"elementor-element elementor-element-8b8f854 elementor-widget elementor-widget-text-editor\" data-id=\"8b8f854\" data-element_type=\"widget\" data-e-type=\"widget\" data-widget_type=\"text-editor.default\">\n\t\t\t\t<div class=\"elementor-widget-container\">\n\t\t\t\t\t\t\t\t\t<p>Menaje de hogar y lencer\u00eda, adaptado al n\u00famero de personas, cocina vitrocer\u00e1mica, horno, microondas, televisi\u00f3n, lavadora, secador de pelo, agua caliente, barbacoa exterior, terrazas con flores.<\/p>\t\t\t\t\t\t\t\t<\/div>\n\t\t\t\t<\/div>\n\t\t\t\t\t<\/div>\n\t\t<\/div>\n\t\t\t\t\t<\/div>\n\t\t<\/section>\n\t\t\t\t<section class=\"elementor-section elementor-top-section elementor-element elementor-element-f740d65 elementor-section-boxed elementor-section-height-default elementor-section-height-default\" data-id=\"f740d65\" data-element_type=\"section\" data-e-type=\"section\">\n\t\t\t\t\t\t<div class=\"elementor-container elementor-column-gap-default\">\n\t\t\t\t\t<div class=\"elementor-column elementor-col-100 elementor-top-column elementor-element elementor-element-97fb3f7\" data-id=\"97fb3f7\" data-element_type=\"column\" data-e-type=\"column\">\n\t\t\t<div class=\"elementor-widget-wrap elementor-element-populated\">\n\t\t\t\t\t\t<div class=\"elementor-element elementor-element-206c034 elementor-widget elementor-widget-heading\" data-id=\"206c034\" data-element_type=\"widget\" data-e-type=\"widget\" data-widget_type=\"heading.default\">\n\t\t\t\t<div class=\"elementor-widget-container\">\n\t\t\t\t\t<h2 class=\"elementor-heading-title elementor-size-default\">Caracter\u00edsticas<\/h2>\t\t\t\t<\/div>\n\t\t\t\t<\/div>\n\t\t\t\t\t<\/div>\n\t\t<\/div>\n\t\t\t\t\t<\/div>\n\t\t<\/section>\n\t\t\t\t<section class=\"elementor-section elementor-top-section elementor-element elementor-element-43d1efc elementor-section-boxed elementor-section-height-default elementor-section-height-default\" data-id=\"43d1efc\" data-element_type=\"section\" data-e-type=\"section\">\n\t\t\t\t\t\t<div class=\"elementor-container elementor-column-gap-default\">\n\t\t\t\t\t<div class=\"elementor-column elementor-col-100 elementor-top-column elementor-element elementor-element-55dd5b8\" data-id=\"55dd5b8\" data-element_type=\"column\" data-e-type=\"column\">\n\t\t\t<div class=\"elementor-widget-wrap elementor-element-populated\">\n\t\t\t\t\t\t<div class=\"elementor-element elementor-element-36b14f0 elementor-widget elementor-widget-text-editor\" data-id=\"36b14f0\" data-element_type=\"widget\" data-e-type=\"widget\" data-widget_type=\"text-editor.default\">\n\t\t\t\t<div class=\"elementor-widget-container\">\n\t\t\t\t\t\t\t\t\t<ul><li><span style=\"text-decoration: underline;\"><strong>Exterior:<\/strong><\/span> Jard\u00edn, terraza, barbacoa, huerta, muebles de jard\u00edn.<\/li><li>\u00a0<strong><span style=\"text-decoration: underline;\">Interior:<\/span><\/strong> Microondas, Lavadora, comedor, cocina, tv, sala de estar.<\/li><li><span style=\"text-decoration: underline;\"><strong>Servicios:<\/strong><\/span> Wifi gratis, cuna disponible, documentaci\u00f3n sobre la zona.<\/li><li><span style=\"text-decoration: underline;\"><strong>Situaci\u00f3n:<\/strong><\/span> \u00a0Afueras del casco urbano, acceso en transporte p\u00fablico.<\/li><\/ul>\t\t\t\t\t\t\t\t<\/div>\n\t\t\t\t<\/div>\n\t\t\t\t\t<\/div>\n\t\t<\/div>\n\t\t\t\t\t<\/div>\n\t\t<\/section>\n\t\t\t\t<section class=\"elementor-section elementor-top-section elementor-element elementor-element-a93defa elementor-section-boxed elementor-section-height-default elementor-section-height-default\" data-id=\"a93defa\" data-element_type=\"section\" data-e-type=\"section\">\n\t\t\t\t\t\t<div class=\"elementor-container elementor-column-gap-default\">\n\t\t\t\t\t<div class=\"elementor-column elementor-col-100 elementor-top-column elementor-element elementor-element-53ca67c\" data-id=\"53ca67c\" data-element_type=\"column\" data-e-type=\"column\">\n\t\t\t<div class=\"elementor-widget-wrap elementor-element-populated\">\n\t\t\t\t\t\t<div class=\"elementor-element elementor-element-7ddefc8 elementor-widget elementor-widget-google_maps\" data-id=\"7ddefc8\" data-element_type=\"widget\" data-e-type=\"widget\" data-widget_type=\"google_maps.default\">\n\t\t\t\t<div class=\"elementor-widget-container\">\n\t\t\t\t\t\t\t<div class=\"elementor-custom-embed\">\n\t\t\t<iframe loading=\"lazy\"\n\t\t\t\t\tsrc=\"https:\/\/maps.google.com\/maps?q=Casa%20Rural%20Antonio%20Garcia%2C%20Calle%20los%20Mocanes%2C%2019%2C%2038911%20Frontera%2C%20Santa%20Cruz%20de%20Tenerife&#038;t=m&#038;z=10&#038;output=embed&#038;iwloc=near\"\n\t\t\t\t\ttitle=\"Casa Rural Antonio Garcia, Calle los Mocanes, 19, 38911 Frontera, Santa Cruz de Tenerife\"\n\t\t\t\t\taria-label=\"Casa Rural Antonio Garcia, Calle los Mocanes, 19, 38911 Frontera, Santa Cruz de Tenerife\"\n\t\t\t><\/iframe>\n\t\t<\/div>\n\t\t\t\t\t\t<\/div>\n\t\t\t\t<\/div>\n\t\t\t\t\t<\/div>\n\t\t<\/div>\n\t\t\t\t\t<\/div>\n\t\t<\/section>\n\t\t\t\t<section class=\"elementor-section elementor-top-section elementor-element elementor-element-01699da elementor-section-boxed elementor-section-height-default elementor-section-height-default\" data-id=\"01699da\" data-element_type=\"section\" data-e-type=\"section\">\n\t\t\t\t\t\t<div class=\"elementor-container elementor-column-gap-default\">\n\t\t\t\t\t<div class=\"elementor-column elementor-col-100 elementor-top-column elementor-element elementor-element-5d42a30\" data-id=\"5d42a30\" data-element_type=\"column\" data-e-type=\"column\">\n\t\t\t<div class=\"elementor-widget-wrap elementor-element-populated\">\n\t\t\t\t\t\t<div class=\"elementor-element elementor-element-0c27fd1 elementor-widget elementor-widget-image-gallery\" data-id=\"0c27fd1\" data-element_type=\"widget\" data-e-type=\"widget\" data-widget_type=\"image-gallery.default\">\n\t\t\t\t<div class=\"elementor-widget-container\">\n\t\t\t\t\t\t\t<div class=\"elementor-image-gallery\">\n\t\t\t<div id='gallery-1' class='gallery galleryid-38 gallery-columns-4 gallery-size-thumbnail'><figure class='gallery-item'>\n\t\t\t<div class='gallery-icon landscape'>\n\t\t\t\t<a data-elementor-open-lightbox=\"yes\" data-elementor-lightbox-slideshow=\"0c27fd1\" data-elementor-lightbox-title=\"13\" data-e-action-hash=\"#elementor-action%3Aaction%3Dlightbox%26settings%3DeyJpZCI6MTIzLCJ1cmwiOiJodHRwczpcL1wvd3d3Lmxhc2Nhc2l0YXMtZWxoaWVycm8uY29tXC93cC1jb250ZW50XC91cGxvYWRzXC8yMDE5XC8wMVwvMTMuanBlZyIsInNsaWRlc2hvdyI6IjBjMjdmZDEifQ%3D%3D\" href='https:\/\/www.lascasitas-elhierro.com\/wp-content\/uploads\/2019\/01\/13.jpeg'><img decoding=\"async\" width=\"150\" height=\"150\" src=\"https:\/\/www.lascasitas-elhierro.com\/wp-content\/uploads\/2019\/01\/13-150x150.jpeg\" class=\"attachment-thumbnail size-thumbnail\" alt=\"\" \/><\/a>\n\t\t\t<\/div><\/figure><figure class='gallery-item'>\n\t\t\t<div class='gallery-icon landscape'>\n\t\t\t\t<a data-elementor-open-lightbox=\"yes\" data-elementor-lightbox-slideshow=\"0c27fd1\" data-elementor-lightbox-title=\"12\" data-e-action-hash=\"#elementor-action%3Aaction%3Dlightbox%26settings%3DeyJpZCI6MTIyLCJ1cmwiOiJodHRwczpcL1wvd3d3Lmxhc2Nhc2l0YXMtZWxoaWVycm8uY29tXC93cC1jb250ZW50XC91cGxvYWRzXC8yMDE5XC8wMVwvMTIuanBlZyIsInNsaWRlc2hvdyI6IjBjMjdmZDEifQ%3D%3D\" href='https:\/\/www.lascasitas-elhierro.com\/wp-content\/uploads\/2019\/01\/12.jpeg'><img decoding=\"async\" width=\"150\" height=\"150\" src=\"https:\/\/www.lascasitas-elhierro.com\/wp-content\/uploads\/2019\/01\/12-150x150.jpeg\" class=\"attachment-thumbnail size-thumbnail\" alt=\"\" \/><\/a>\n\t\t\t<\/div><\/figure><figure class='gallery-item'>\n\t\t\t<div class='gallery-icon landscape'>\n\t\t\t\t<a data-elementor-open-lightbox=\"yes\" data-elementor-lightbox-slideshow=\"0c27fd1\" data-elementor-lightbox-title=\"11\" data-e-action-hash=\"#elementor-action%3Aaction%3Dlightbox%26settings%3DeyJpZCI6MTIxLCJ1cmwiOiJodHRwczpcL1wvd3d3Lmxhc2Nhc2l0YXMtZWxoaWVycm8uY29tXC93cC1jb250ZW50XC91cGxvYWRzXC8yMDE5XC8wMVwvMTEuanBlZyIsInNsaWRlc2hvdyI6IjBjMjdmZDEifQ%3D%3D\" href='https:\/\/www.lascasitas-elhierro.com\/wp-content\/uploads\/2019\/01\/11.jpeg'><img decoding=\"async\" width=\"150\" height=\"150\" src=\"https:\/\/www.lascasitas-elhierro.com\/wp-content\/uploads\/2019\/01\/11-150x150.jpeg\" class=\"attachment-thumbnail size-thumbnail\" alt=\"\" \/><\/a>\n\t\t\t<\/div><\/figure><figure class='gallery-item'>\n\t\t\t<div class='gallery-icon landscape'>\n\t\t\t\t<a data-elementor-open-lightbox=\"yes\" data-elementor-lightbox-slideshow=\"0c27fd1\" data-elementor-lightbox-title=\"5\" data-e-action-hash=\"#elementor-action%3Aaction%3Dlightbox%26settings%3DeyJpZCI6MTE1LCJ1cmwiOiJodHRwczpcL1wvd3d3Lmxhc2Nhc2l0YXMtZWxoaWVycm8uY29tXC93cC1jb250ZW50XC91cGxvYWRzXC8yMDE5XC8wMVwvNS5qcGVnIiwic2xpZGVzaG93IjoiMGMyN2ZkMSJ9\" href='https:\/\/www.lascasitas-elhierro.com\/wp-content\/uploads\/2019\/01\/5.jpeg'><img loading=\"lazy\" decoding=\"async\" width=\"150\" height=\"150\" src=\"https:\/\/www.lascasitas-elhierro.com\/wp-content\/uploads\/2019\/01\/5-150x150.jpeg\" class=\"attachment-thumbnail size-thumbnail\" alt=\"\" \/><\/a>\n\t\t\t<\/div><\/figure><figure class='gallery-item'>\n\t\t\t<div class='gallery-icon landscape'>\n\t\t\t\t<a data-elementor-open-lightbox=\"yes\" data-elementor-lightbox-slideshow=\"0c27fd1\" data-elementor-lightbox-title=\"6\" data-e-action-hash=\"#elementor-action%3Aaction%3Dlightbox%26settings%3DeyJpZCI6MTE2LCJ1cmwiOiJodHRwczpcL1wvd3d3Lmxhc2Nhc2l0YXMtZWxoaWVycm8uY29tXC93cC1jb250ZW50XC91cGxvYWRzXC8yMDE5XC8wMVwvNi5qcGVnIiwic2xpZGVzaG93IjoiMGMyN2ZkMSJ9\" href='https:\/\/www.lascasitas-elhierro.com\/wp-content\/uploads\/2019\/01\/6.jpeg'><img loading=\"lazy\" decoding=\"async\" width=\"150\" height=\"150\" src=\"https:\/\/www.lascasitas-elhierro.com\/wp-content\/uploads\/2019\/01\/6-150x150.jpeg\" class=\"attachment-thumbnail size-thumbnail\" alt=\"\" \/><\/a>\n\t\t\t<\/div><\/figure><figure class='gallery-item'>\n\t\t\t<div class='gallery-icon landscape'>\n\t\t\t\t<a data-elementor-open-lightbox=\"yes\" data-elementor-lightbox-slideshow=\"0c27fd1\" data-elementor-lightbox-title=\"1\" data-e-action-hash=\"#elementor-action%3Aaction%3Dlightbox%26settings%3DeyJpZCI6MTEwLCJ1cmwiOiJodHRwczpcL1wvd3d3Lmxhc2Nhc2l0YXMtZWxoaWVycm8uY29tXC93cC1jb250ZW50XC91cGxvYWRzXC8yMDE5XC8wMVwvMS5qcGVnIiwic2xpZGVzaG93IjoiMGMyN2ZkMSJ9\" href='https:\/\/www.lascasitas-elhierro.com\/wp-content\/uploads\/2019\/01\/1.jpeg'><img loading=\"lazy\" decoding=\"async\" width=\"150\" height=\"150\" src=\"https:\/\/www.lascasitas-elhierro.com\/wp-content\/uploads\/2019\/01\/1-150x150.jpeg\" class=\"attachment-thumbnail size-thumbnail\" alt=\"\" \/><\/a>\n\t\t\t<\/div><\/figure><figure class='gallery-item'>\n\t\t\t<div class='gallery-icon landscape'>\n\t\t\t\t<a data-elementor-open-lightbox=\"yes\" data-elementor-lightbox-slideshow=\"0c27fd1\" data-elementor-lightbox-title=\"1\" data-e-action-hash=\"#elementor-action%3Aaction%3Dlightbox%26settings%3DeyJpZCI6MTExLCJ1cmwiOiJodHRwczpcL1wvd3d3Lmxhc2Nhc2l0YXMtZWxoaWVycm8uY29tXC93cC1jb250ZW50XC91cGxvYWRzXC8yMDE5XC8wMVwvMS5qcGciLCJzbGlkZXNob3ciOiIwYzI3ZmQxIn0%3D\" href='https:\/\/www.lascasitas-elhierro.com\/wp-content\/uploads\/2019\/01\/1.jpg'><img loading=\"lazy\" decoding=\"async\" width=\"150\" height=\"150\" src=\"https:\/\/www.lascasitas-elhierro.com\/wp-content\/uploads\/2019\/01\/1-150x150.jpg\" class=\"attachment-thumbnail size-thumbnail\" alt=\"\" \/><\/a>\n\t\t\t<\/div><\/figure><figure class='gallery-item'>\n\t\t\t<div class='gallery-icon landscape'>\n\t\t\t\t<a data-elementor-open-lightbox=\"yes\" data-elementor-lightbox-slideshow=\"0c27fd1\" data-elementor-lightbox-title=\"3\" data-e-action-hash=\"#elementor-action%3Aaction%3Dlightbox%26settings%3DeyJpZCI6MTEzLCJ1cmwiOiJodHRwczpcL1wvd3d3Lmxhc2Nhc2l0YXMtZWxoaWVycm8uY29tXC93cC1jb250ZW50XC91cGxvYWRzXC8yMDE5XC8wMVwvMy5qcGVnIiwic2xpZGVzaG93IjoiMGMyN2ZkMSJ9\" href='https:\/\/www.lascasitas-elhierro.com\/wp-content\/uploads\/2019\/01\/3.jpeg'><img loading=\"lazy\" decoding=\"async\" width=\"150\" height=\"150\" src=\"https:\/\/www.lascasitas-elhierro.com\/wp-content\/uploads\/2019\/01\/3-150x150.jpeg\" class=\"attachment-thumbnail size-thumbnail\" alt=\"\" \/><\/a>\n\t\t\t<\/div><\/figure><figure class='gallery-item'>\n\t\t\t<div class='gallery-icon landscape'>\n\t\t\t\t<a data-elementor-open-lightbox=\"yes\" data-elementor-lightbox-slideshow=\"0c27fd1\" data-elementor-lightbox-title=\"7\" data-e-action-hash=\"#elementor-action%3Aaction%3Dlightbox%26settings%3DeyJpZCI6MTE3LCJ1cmwiOiJodHRwczpcL1wvd3d3Lmxhc2Nhc2l0YXMtZWxoaWVycm8uY29tXC93cC1jb250ZW50XC91cGxvYWRzXC8yMDE5XC8wMVwvNy5qcGVnIiwic2xpZGVzaG93IjoiMGMyN2ZkMSJ9\" href='https:\/\/www.lascasitas-elhierro.com\/wp-content\/uploads\/2019\/01\/7.jpeg'><img loading=\"lazy\" decoding=\"async\" width=\"150\" height=\"150\" src=\"https:\/\/www.lascasitas-elhierro.com\/wp-content\/uploads\/2019\/01\/7-150x150.jpeg\" class=\"attachment-thumbnail size-thumbnail\" alt=\"\" \/><\/a>\n\t\t\t<\/div><\/figure><figure class='gallery-item'>\n\t\t\t<div class='gallery-icon landscape'>\n\t\t\t\t<a data-elementor-open-lightbox=\"yes\" data-elementor-lightbox-slideshow=\"0c27fd1\" data-elementor-lightbox-title=\"4\" data-e-action-hash=\"#elementor-action%3Aaction%3Dlightbox%26settings%3DeyJpZCI6MTE0LCJ1cmwiOiJodHRwczpcL1wvd3d3Lmxhc2Nhc2l0YXMtZWxoaWVycm8uY29tXC93cC1jb250ZW50XC91cGxvYWRzXC8yMDE5XC8wMVwvNC5qcGVnIiwic2xpZGVzaG93IjoiMGMyN2ZkMSJ9\" href='https:\/\/www.lascasitas-elhierro.com\/wp-content\/uploads\/2019\/01\/4.jpeg'><img loading=\"lazy\" decoding=\"async\" width=\"150\" height=\"150\" src=\"https:\/\/www.lascasitas-elhierro.com\/wp-content\/uploads\/2019\/01\/4-150x150.jpeg\" class=\"attachment-thumbnail size-thumbnail\" alt=\"\" \/><\/a>\n\t\t\t<\/div><\/figure><figure class='gallery-item'>\n\t\t\t<div class='gallery-icon landscape'>\n\t\t\t\t<a data-elementor-open-lightbox=\"yes\" data-elementor-lightbox-slideshow=\"0c27fd1\" data-elementor-lightbox-title=\"10\" data-e-action-hash=\"#elementor-action%3Aaction%3Dlightbox%26settings%3DeyJpZCI6MTIwLCJ1cmwiOiJodHRwczpcL1wvd3d3Lmxhc2Nhc2l0YXMtZWxoaWVycm8uY29tXC93cC1jb250ZW50XC91cGxvYWRzXC8yMDE5XC8wMVwvMTAuanBlZyIsInNsaWRlc2hvdyI6IjBjMjdmZDEifQ%3D%3D\" href='https:\/\/www.lascasitas-elhierro.com\/wp-content\/uploads\/2019\/01\/10.jpeg'><img loading=\"lazy\" decoding=\"async\" width=\"150\" height=\"150\" src=\"https:\/\/www.lascasitas-elhierro.com\/wp-content\/uploads\/2019\/01\/10-150x150.jpeg\" class=\"attachment-thumbnail size-thumbnail\" alt=\"\" \/><\/a>\n\t\t\t<\/div><\/figure><figure class='gallery-item'>\n\t\t\t<div class='gallery-icon landscape'>\n\t\t\t\t<a data-elementor-open-lightbox=\"yes\" data-elementor-lightbox-slideshow=\"0c27fd1\" data-elementor-lightbox-title=\"9\" data-e-action-hash=\"#elementor-action%3Aaction%3Dlightbox%26settings%3DeyJpZCI6MTE5LCJ1cmwiOiJodHRwczpcL1wvd3d3Lmxhc2Nhc2l0YXMtZWxoaWVycm8uY29tXC93cC1jb250ZW50XC91cGxvYWRzXC8yMDE5XC8wMVwvOS5qcGVnIiwic2xpZGVzaG93IjoiMGMyN2ZkMSJ9\" href='https:\/\/www.lascasitas-elhierro.com\/wp-content\/uploads\/2019\/01\/9.jpeg'><img loading=\"lazy\" decoding=\"async\" width=\"150\" height=\"150\" src=\"https:\/\/www.lascasitas-elhierro.com\/wp-content\/uploads\/2019\/01\/9-150x150.jpeg\" class=\"attachment-thumbnail size-thumbnail\" alt=\"\" \/><\/a>\n\t\t\t<\/div><\/figure><figure class='gallery-item'>\n\t\t\t<div class='gallery-icon landscape'>\n\t\t\t\t<a data-elementor-open-lightbox=\"yes\" data-elementor-lightbox-slideshow=\"0c27fd1\" data-elementor-lightbox-title=\"8\" data-e-action-hash=\"#elementor-action%3Aaction%3Dlightbox%26settings%3DeyJpZCI6MTE4LCJ1cmwiOiJodHRwczpcL1wvd3d3Lmxhc2Nhc2l0YXMtZWxoaWVycm8uY29tXC93cC1jb250ZW50XC91cGxvYWRzXC8yMDE5XC8wMVwvOC5qcGVnIiwic2xpZGVzaG93IjoiMGMyN2ZkMSJ9\" href='https:\/\/www.lascasitas-elhierro.com\/wp-content\/uploads\/2019\/01\/8.jpeg'><img loading=\"lazy\" decoding=\"async\" width=\"150\" height=\"150\" src=\"https:\/\/www.lascasitas-elhierro.com\/wp-content\/uploads\/2019\/01\/8-150x150.jpeg\" class=\"attachment-thumbnail size-thumbnail\" alt=\"\" \/><\/a>\n\t\t\t<\/div><\/figure>\n\t\t<\/div>\n\t\t<\/div>\n\t\t\t\t\t\t<\/div>\n\t\t\t\t<\/div>\n\t\t\t\t\t<\/div>\n\t\t<\/div>\n\t\t\t\t\t<\/div>\n\t\t<\/section>\n\t\t\t\t<section class=\"elementor-section elementor-top-section elementor-element elementor-element-aea9eb5 elementor-section-boxed elementor-section-height-default elementor-section-height-default\" data-id=\"aea9eb5\" data-element_type=\"section\" data-e-type=\"section\">\n\t\t\t\t\t\t<div class=\"elementor-container elementor-column-gap-default\">\n\t\t\t\t\t<div class=\"elementor-column elementor-col-100 elementor-top-column elementor-element elementor-element-3433e66\" data-id=\"3433e66\" data-element_type=\"column\" data-e-type=\"column\">\n\t\t\t<div class=\"elementor-widget-wrap elementor-element-populated\">\n\t\t\t\t\t\t<div class=\"elementor-element elementor-element-85d9243 elementor-widget-divider--view-line elementor-widget elementor-widget-divider\" data-id=\"85d9243\" data-element_type=\"widget\" data-e-type=\"widget\" data-widget_type=\"divider.default\">\n\t\t\t\t<div class=\"elementor-widget-container\">\n\t\t\t\t\t\t\t<div class=\"elementor-divider\">\n\t\t\t<span class=\"elementor-divider-separator\">\n\t\t\t\t\t\t<\/span>\n\t\t<\/div>\n\t\t\t\t\t\t<\/div>\n\t\t\t\t<\/div>\n\t\t\t\t\t<\/div>\n\t\t<\/div>\n\t\t\t\t\t<\/div>\n\t\t<\/section>\n\t\t\t\t<section class=\"elementor-section elementor-top-section elementor-element elementor-element-894e394 elementor-section-boxed elementor-section-height-default elementor-section-height-default\" data-id=\"894e394\" data-element_type=\"section\" data-e-type=\"section\">\n\t\t\t\t\t\t<div class=\"elementor-container elementor-column-gap-default\">\n\t\t\t\t\t<div class=\"elementor-column elementor-col-100 elementor-top-column elementor-element elementor-element-2b4360b\" data-id=\"2b4360b\" data-element_type=\"column\" data-e-type=\"column\">\n\t\t\t<div class=\"elementor-widget-wrap elementor-element-populated\">\n\t\t\t\t\t\t<div class=\"elementor-element elementor-element-3937317 elementor-shape-rounded elementor-grid-0 e-grid-align-center elementor-widget elementor-widget-social-icons\" data-id=\"3937317\" data-element_type=\"widget\" data-e-type=\"widget\" data-widget_type=\"social-icons.default\">\n\t\t\t\t<div class=\"elementor-widget-container\">\n\t\t\t\t\t\t\t<div class=\"elementor-social-icons-wrapper elementor-grid\">\n\t\t\t\t\t\t\t<span class=\"elementor-grid-item\">\n\t\t\t\t\t<a class=\"elementor-icon elementor-social-icon elementor-social-icon-facebook elementor-repeater-item-1e95c2f\" href=\"https:\/\/www.facebook.com\/CasaRuralAntonioGarcia\/\" target=\"_blank\">\n\t\t\t\t\t\t<span class=\"elementor-screen-only\">Facebook<\/span>\n\t\t\t\t\t\t\t\t\t\t\t\t\t<i class=\"fa fa-facebook\" aria-hidden=\"true\"><\/i>\n\t\t\t\t\t\t\t\t\t\t\t<\/a>\n\t\t\t\t<\/span>\n\t\t\t\t\t<\/div>\n\t\t\t\t\t\t<\/div>\n\t\t\t\t<\/div>\n\t\t\t\t\t<\/div>\n\t\t<\/div>\n\t\t\t\t\t<\/div>\n\t\t<\/section>\n\t\t\t\t<section class=\"elementor-section elementor-top-section elementor-element elementor-element-df2f59b elementor-section-boxed elementor-section-height-default elementor-section-height-default\" data-id=\"df2f59b\" data-element_type=\"section\" data-e-type=\"section\">\n\t\t\t\t\t\t<div class=\"elementor-container elementor-column-gap-default\">\n\t\t\t\t\t<div class=\"elementor-column elementor-col-100 elementor-top-column elementor-element elementor-element-81acce9\" data-id=\"81acce9\" data-element_type=\"column\" data-e-type=\"column\">\n\t\t\t<div class=\"elementor-widget-wrap elementor-element-populated\">\n\t\t\t\t\t\t<div class=\"elementor-element elementor-element-0cad9ac elementor-widget-divider--view-line elementor-widget elementor-widget-divider\" data-id=\"0cad9ac\" data-element_type=\"widget\" data-e-type=\"widget\" data-widget_type=\"divider.default\">\n\t\t\t\t<div class=\"elementor-widget-container\">\n\t\t\t\t\t\t\t<div class=\"elementor-divider\">\n\t\t\t<span class=\"elementor-divider-separator\">\n\t\t\t\t\t\t<\/span>\n\t\t<\/div>\n\t\t\t\t\t\t<\/div>\n\t\t\t\t<\/div>\n\t\t\t\t\t<\/div>\n\t\t<\/div>\n\t\t\t\t\t<\/div>\n\t\t<\/section>\n\t\t\t\t<\/div>\n\t\t","protected":false},"excerpt":{"rendered":"<p>La Casa rural Antonio Garc\u00eda, es muy c\u00f3moda y amplia, con cubierta de teja plana, tipo francesa, a dos aguas&hellip;<\/p>\n","protected":false},"author":1,"featured_media":0,"parent":0,"menu_order":5,"comment_status":"open","ping_status":"closed","template":"","meta":{"footnotes":""},"class_list":["post-38","page","type-page","status-publish","hentry"],"_links":{"self":[{"href":"https:\/\/www.lascasitas-elhierro.com\/index.php?rest_route=\/wp\/v2\/pages\/38","targetHints":{"allow":["GET"]}}],"collection":[{"href":"https:\/\/www.lascasitas-elhierro.com\/index.php?rest_route=\/wp\/v2\/pages"}],"about":[{"href":"https:\/\/www.lascasitas-elhierro.com\/index.php?rest_route=\/wp\/v2\/types\/page"}],"author":[{"embeddable":true,"href":"https:\/\/www.lascasitas-elhierro.com\/index.php?rest_route=\/wp\/v2\/users\/1"}],"replies":[{"embeddable":true,"href":"https:\/\/www.lascasitas-elhierro.com\/index.php?rest_route=%2Fwp%2Fv2%2Fcomments&post=38"}],"version-history":[{"count":21,"href":"https:\/\/www.lascasitas-elhierro.com\/index.php?rest_route=\/wp\/v2\/pages\/38\/revisions"}],"predecessor-version":[{"id":225,"href":"https:\/\/www.lascasitas-elhierro.com\/index.php?rest_route=\/wp\/v2\/pages\/38\/revisions\/225"}],"wp:attachment":[{"href":"https:\/\/www.lascasitas-elhierro.com\/index.php?rest_route=%2Fwp%2Fv2%2Fmedia&parent=38"}],"curies":[{"name":"wp","href":"https:\/\/api.w.org\/{rel}","templated":true}]}}